{"id":10831,"date":"2024-09-19T17:25:08","date_gmt":"2024-09-19T16:25:08","guid":{"rendered":"https:\/\/vitashop.info\/ba\/produkt\/communiguard-zastita-od-elektrosmoga\/"},"modified":"2024-09-19T17:25:09","modified_gmt":"2024-09-19T16:25:09","slug":"communiguard-zastita-od-elektrosmoga","status":"publish","type":"product","link":"https:\/\/vitashop.info\/ba\/proizvod\/communiguard-zastita-od-elektrosmoga\/","title":{"rendered":"Communiguard  &#8211; Za\u0161tita od elektrosmoga"},"content":{"rendered":"\n<p>&nbsp;<\/p>\n<p>Opis:<\/p>\n<p>Kori&scaron;tenje modernih tehnologija i elektri\u010dnih ure\u0111aja je nemogu\u0107e bez elektromagnetnog polja. Svi elektronski ure\u0111aji kao i prijenosni ure\u0111aji emitiraju elektromagnetne valove. Elektronski smog jeste nevidljiv, ali je potencijalno &scaron;tetan za zdravlje. Stalna izlo\u017eenost elektronskom smogu mo\u017ee uzrokovati glavobolje, nervozu, umor, poja\u010dan stres i poreme\u0107aje spavanja.<\/p>\n<p>&nbsp;<\/p>\n<p>Kome se preporu\u010duje?<\/p>\n<p><strong>COMMUNIGUARD<\/strong> naljepnica iz CaliVita Electronics je namjenjena da pomogne i osigura za&scaron;titu od visokofrekvetnih i elektromagnetnih zra\u010denja mobilnih telefona i ostalih elektronskih ure\u0111aja poput:<\/p>\n<p>&#013;<\/p>\n<ul>&#013;<\/p>\n<li>Laptop kompjuteri<\/li>\n<p>&#013;<\/p>\n<li>Ure\u0111aji za nadzor beba (npr. baby alarm)<\/li>\n<p>&#013;<\/p>\n<li>Be\u017ei\u010dni telefoni<\/li>\n<p>&#013;<\/p>\n<li>Pagers (dojavljiva\u010di)<\/li>\n<p>&#013;<\/p>\n<li>Interfoni<\/li>\n<p>&#013;<\/p>\n<li>TV-prijemnici<\/li>\n<p>&#013;<\/p>\n<li>Mikrovalne pe\u0107nice<\/li>\n<p>&#013;<\/p>\n<li>GPS-ovi<\/li>\n<p>&#013;<\/p>\n<li>\u010dak i u autu<\/li>\n<p>&#013;\n<\/ul>\n<p>&nbsp;<\/p>\n","protected":false},"excerpt":{"rendered":"<p>Koli\u010dina na zalihama: 6 <\/p>\n","protected":false},"featured_media":10938,"comment_status":"closed","ping_status":"open","template":"","meta":[],"product_brand":[],"product_cat":[430],"product_tag":[],"class_list":{"0":"post-10831","1":"product","2":"type-product","3":"status-publish","4":"has-post-thumbnail","6":"product_cat-elektronika","8":"first","9":"instock","10":"product-type-external"},"_links":{"self":[{"href":"https:\/\/vitashop.info\/ba\/wp-json\/wp\/v2\/product\/10831","targetHints":{"allow":["GET"]}}],"collection":[{"href":"https:\/\/vitashop.info\/ba\/wp-json\/wp\/v2\/product"}],"about":[{"href":"https:\/\/vitashop.info\/ba\/wp-json\/wp\/v2\/types\/product"}],"replies":[{"embeddable":true,"href":"https:\/\/vitashop.info\/ba\/wp-json\/wp\/v2\/comments?post=10831"}],"wp:featuredmedia":[{"embeddable":true,"href":"https:\/\/vitashop.info\/ba\/wp-json\/wp\/v2\/media\/10938"}],"wp:attachment":[{"href":"https:\/\/vitashop.info\/ba\/wp-json\/wp\/v2\/media?parent=10831"}],"wp:term":[{"taxonomy":"product_brand","embeddable":true,"href":"https:\/\/vitashop.info\/ba\/wp-json\/wp\/v2\/product_brand?post=10831"},{"taxonomy":"product_cat","embeddable":true,"href":"https:\/\/vitashop.info\/ba\/wp-json\/wp\/v2\/product_cat?post=10831"},{"taxonomy":"product_tag","embeddable":true,"href":"https:\/\/vitashop.info\/ba\/wp-json\/wp\/v2\/product_tag?post=10831"}],"curies":[{"name":"wp","href":"https:\/\/api.w.org\/{rel}","templated":true}]}}