{"id":10825,"date":"2024-08-17T17:25:05","date_gmt":"2024-08-17T16:25:05","guid":{"rendered":"https:\/\/vitashop.info\/ba\/produkt\/caligreen-natural-glass-cleaner-500-ml-prirodno-sredstvo-za-ciscenje-staklenih-povrsina\/"},"modified":"2026-04-21T01:10:10","modified_gmt":"2026-04-21T00:10:10","slug":"caligreen-natural-glass-cleaner-500-ml-prirodno-sredstvo-za-ciscenje-staklenih-povrsina","status":"publish","type":"product","link":"https:\/\/vitashop.info\/ba\/proizvod\/caligreen-natural-glass-cleaner-500-ml-prirodno-sredstvo-za-ciscenje-staklenih-povrsina\/","title":{"rendered":"CaliGreen Natural Glass Cleaner 500 ml &#8211; Prirodno sredstvo za \u010di\u0161\u0107enje staklenih povr\u0161ina"},"content":{"rendered":"<p> Raspr\u0161iti po povr\u0161ini i obrisati suhom krpom. \u010cuvati izvan dohvata djece. Nakon svakog pranja ruke isperite u \u010distoj vodi. Osobe osjetljive ili o\u0161te\u0107ene ko\u017ee trebaju se dr\u017eati uputa za doziranja.<\/p>\n<p>&nbsp;<\/p>\n<p>Opis:<\/p>\n<p>Ostvaruje dugotrajno antistati\u010dko djelovanje na staklenim povr&scaron;inama i plasti\u010dnom namje&scaron;taju, poma\u017eu\u0107i da se sprije\u010de otisci prstiju, pra&scaron;ina i druge prljav&scaron;tine koje se lijepe i ostaju na istima. Zahvaljuju\u0107i svom sadr\u017eaju alkohola, ostavlja sjajno \u010diste povr&scaron;ine bez linija.<\/p>\n<p>&#013;<\/p>\n<p>&nbsp;<\/p>\n<p>&nbsp;<\/p>\n<p>&nbsp;<\/p>\n","protected":false},"excerpt":{"rendered":"<p>Koli\u010dina na zalihama: 15 <\/p>\n","protected":false},"featured_media":11404,"comment_status":"closed","ping_status":"open","template":"","meta":[],"product_brand":[],"product_cat":[431],"product_tag":[],"class_list":{"0":"post-10825","1":"product","2":"type-product","3":"status-publish","4":"has-post-thumbnail","6":"product_cat-sredstva-za-ciscenje","8":"first","9":"instock","10":"product-type-external"},"_links":{"self":[{"href":"https:\/\/vitashop.info\/ba\/wp-json\/wp\/v2\/product\/10825","targetHints":{"allow":["GET"]}}],"collection":[{"href":"https:\/\/vitashop.info\/ba\/wp-json\/wp\/v2\/product"}],"about":[{"href":"https:\/\/vitashop.info\/ba\/wp-json\/wp\/v2\/types\/product"}],"replies":[{"embeddable":true,"href":"https:\/\/vitashop.info\/ba\/wp-json\/wp\/v2\/comments?post=10825"}],"wp:featuredmedia":[{"embeddable":true,"href":"https:\/\/vitashop.info\/ba\/wp-json\/wp\/v2\/media\/11404"}],"wp:attachment":[{"href":"https:\/\/vitashop.info\/ba\/wp-json\/wp\/v2\/media?parent=10825"}],"wp:term":[{"taxonomy":"product_brand","embeddable":true,"href":"https:\/\/vitashop.info\/ba\/wp-json\/wp\/v2\/product_brand?post=10825"},{"taxonomy":"product_cat","embeddable":true,"href":"https:\/\/vitashop.info\/ba\/wp-json\/wp\/v2\/product_cat?post=10825"},{"taxonomy":"product_tag","embeddable":true,"href":"https:\/\/vitashop.info\/ba\/wp-json\/wp\/v2\/product_tag?post=10825"}],"curies":[{"name":"wp","href":"https:\/\/api.w.org\/{rel}","templated":true}]}}