{"id":10812,"date":"2026-04-14T01:08:04","date_gmt":"2026-04-14T00:08:04","guid":{"rendered":"https:\/\/vitashop.info\/ba\/produkt\/acidophilus-with-psyllium-100-kapsula-probiotik-sa-vlaknima\/"},"modified":"2026-04-14T01:10:24","modified_gmt":"2026-04-14T00:10:24","slug":"acidophilus-with-psyllium-100-kapsula-probiotik-sa-vlaknima","status":"publish","type":"product","link":"https:\/\/vitashop.info\/ba\/proizvod\/acidophilus-with-psyllium-100-kapsula-probiotik-sa-vlaknima\/","title":{"rendered":"Acidophilus With Psyllium 100 kapsula &#8211; Probiotik sa vlaknima"},"content":{"rendered":"<p>Doziranje: Ukoliko ljekar druga\u010dije ne odredi, 1 kapsula dnevno.<\/p>\n<p>&nbsp;<\/p>\n<p>Opis:<\/p>\n<p>Kapsule koje sadr\u017ee najefikasnije prijateljske crijevne bakterije, <strong>Lactobacillus Acidophilus<\/strong> i prah ljuske tropske bokvice, s<span id=\"result_box\" lang=\"hr\"><span class=\"hps\">Jedna tableta<\/span> <span class=\"hps\">beta karotena<\/span> <span class=\"hps\">daje<\/span> <span class=\"hps\">onoliko<\/span> <span class=\"hps\">beta karoten<\/span> <span class=\"hps\">i<\/span> <span class=\"hps\">14<\/span> <span class=\"hps\">komada<\/span> <span class=\"hps\">marelice<\/span>!<\/span>lu\u017ei za o\u010duvanje i ponovno uspostavljanje zdrave crijevne flore.<\/p>\n<p>&nbsp;<\/p>\n<p>Kome se preporu\u010duje?<\/p>\n<p><strong>Lactobacillus Bulganicus<\/strong> je bakterija koja se nalazi u kiselom mlijeku. Ona je stalno prisutna u digestivnom sistemu osoba \u010dija ishrana sadr\u017ei velike koli\u010dine kiselog mlijeka. Prema zapa\u017eanjima, ti ljudi su zdraviji i \u017eive du\u017ee od prosjeka. Od Lactobacillusa Bulganicusa je jo&scaron; efikasnija bakterija Lactobacillus Acidaphilus, poznatija pod imenom Acidofilus, koja je sposobna da u digestivnom sistemu ostane \u017eiva 10 dana, pa i du\u017ee. Ona <strong>stvara nepovoljne uslove za opstanak raznih uzro\u010dnika bolesti,<\/strong> na primjer, mikrokoka, klostridija, raznih kolibakterija, odnosno gljivica. Mo\u017ee da pomogne u preradi mlije\u010dnih bjelan\u010devina, aminokiselina, masti i laktoze, a igra ulogu i u sintezi vitamina grupe B. Uz njenu pomo\u0107 mo\u017eemo o\u010duvati normalnu bakterijsku floru digestivnog trakta. Peroralno uneseni antibiotici uni&scaron;tavaju korisnu crijevnu floru i zbog toga se Acidofilus posebno <strong>preporu\u010duje u toku i poslije terapija antibioticima.<\/strong> Nauka ne poznaje nijednu vrstu Acidofilusa koji bi bio &scaron;tetan po ljudsko zdravlje.<\/p>\n<p>&#013;<\/p>\n<p><em><strong>Svesrdni pomo\u0107nik.<\/strong><\/em><\/p>\n<p>&nbsp;<\/p>\n<p>Za\u0161to odabrati Calivita proizvode:<\/p>\n<ul>\n<li>Sa izvanrednim profesionalnim iskustvom, CaliVita ve\u0107 vi\u0161e od 30 godina nudi svoje proizvode koji zadovoljavaju najvi\u0161e standarde kvaliteta.<\/li>\n<li>Uvijek te\u017eimo kori\u0161tenju prirodnih osnovnih materijala koji poti\u010du iz najboljih izvora.<\/li>\n<li>Tokom na\u0161eg razvoja radimo koriste\u0107i bolje apsorpcione, na primjer organske oblike.<\/li>\n<li>Nudimo 100% garanciju kvaliteta za na\u0161e proizvode.<\/li>\n<li>Na\u0161i proizvodi podlije\u017eu strogoj i vi\u0161estrukoj proceduri ispitivanja kako bi se kontinuirano osigurao odli\u010dan kvalitet.<\/li>\n<li>Velika ve\u0107ina na\u0161ih dodataka prehrani proizvodi se u farmaceutskim uvjetima u SAD-u.<\/li>\n<li>Proizvodi se proizvode po principima cGMP (trenutne dobre proizvodne prakse), a vr\u0161i se i stalna kontrola i redovno zakazane revizije od strane FDA (Food and Drug Administration). Radimo u bliskoj saradnji s lokalnim vlastima za izdavanje dozvola kako bismo osigurali da na\u0161im potro\u0161a\u010dima uvijek budu dostupni proizvodi najvi\u0161eg kvaliteta.<\/li>\n<\/ul>\n<p>UPOZORENJE!<br \/>\n\u010cuvati van doma\u0161aja male djece. Preporu\u010dena dnevna doza se ne smije prekora\u010diti. Dodaci prehrani se ne smiju koristiti kao zamjena za raznovrsnu prehranu.<\/p>\n","protected":false},"excerpt":{"rendered":"<p>Koli\u010dina na zalihama: 89 <\/p>\n","protected":false},"featured_media":12292,"comment_status":"closed","ping_status":"open","template":"","meta":[],"product_brand":[],"product_cat":[429],"product_tag":[],"class_list":{"0":"post-10812","1":"product","2":"type-product","3":"status-publish","4":"has-post-thumbnail","6":"product_cat-prirodni-suplementi","8":"first","9":"instock","10":"product-type-external"},"_links":{"self":[{"href":"https:\/\/vitashop.info\/ba\/wp-json\/wp\/v2\/product\/10812","targetHints":{"allow":["GET"]}}],"collection":[{"href":"https:\/\/vitashop.info\/ba\/wp-json\/wp\/v2\/product"}],"about":[{"href":"https:\/\/vitashop.info\/ba\/wp-json\/wp\/v2\/types\/product"}],"replies":[{"embeddable":true,"href":"https:\/\/vitashop.info\/ba\/wp-json\/wp\/v2\/comments?post=10812"}],"wp:featuredmedia":[{"embeddable":true,"href":"https:\/\/vitashop.info\/ba\/wp-json\/wp\/v2\/media\/12292"}],"wp:attachment":[{"href":"https:\/\/vitashop.info\/ba\/wp-json\/wp\/v2\/media?parent=10812"}],"wp:term":[{"taxonomy":"product_brand","embeddable":true,"href":"https:\/\/vitashop.info\/ba\/wp-json\/wp\/v2\/product_brand?post=10812"},{"taxonomy":"product_cat","embeddable":true,"href":"https:\/\/vitashop.info\/ba\/wp-json\/wp\/v2\/product_cat?post=10812"},{"taxonomy":"product_tag","embeddable":true,"href":"https:\/\/vitashop.info\/ba\/wp-json\/wp\/v2\/product_tag?post=10812"}],"curies":[{"name":"wp","href":"https:\/\/api.w.org\/{rel}","templated":true}]}}