{"id":10811,"date":"2026-04-14T01:08:04","date_gmt":"2026-04-14T00:08:04","guid":{"rendered":"https:\/\/vitashop.info\/ba\/produkt\/ac-zymes-plus-60-kapsula-probioticke-bakterije\/"},"modified":"2026-04-14T01:10:10","modified_gmt":"2026-04-14T00:10:10","slug":"ac-zymes-plus-60-kapsula-probioticke-bakterije","status":"publish","type":"product","link":"https:\/\/vitashop.info\/ba\/proizvod\/ac-zymes-plus-60-kapsula-probioticke-bakterije\/","title":{"rendered":"AC Zymes Plus 60 kapsula &#8211; Probioti\u010dke bakterije"},"content":{"rendered":"<p>Doziranje: 1 kapsula dnevno ili prema savjetu stru\u010dne osobe.<\/p>\n<p>&nbsp;<\/p>\n<p>Opis:<\/p>\n<p>Proizvod&nbsp;<strong>AC-Zymes PLUS<\/strong>&nbsp;sadr\u017ei&nbsp;<strong>6 milijardi aktivnih probioti\u010dkih bakterija<\/strong>&nbsp;u jednoj kapsuli i to&nbsp;<strong>6 vrsta<\/strong>&nbsp;koje naseljavaju tanko i debelo crijevo &#8211; Lactobacillus acidophilus, Lactobacillus bulgaricus, Lactobacillus plantarum, Lactobacillus rhamnosus, Bifidobacterium longum i Bifidobacterium breve. Sadr\u017ei i fruktooligosaharide &ndash; prebioti\u010dka vlakna koja slu\u017ee kao izvor hrane korisnim crijevnim bakterijama \u010dime se poti\u010de njihov rast i opstanak u crijevima, kao preduvjet zdravlja tankog i debelog crijeva.<\/p>\n<p>&nbsp;<\/p>\n<p>Kome se preporu\u010duje?<\/p>\n<p>U crijevima \u017eivi otprilike 400-500 vrsta bakterija, a smatra se da postotak korisnih crijevnih bakterija naspram onih &scaron;tetnih treba iznositi oko 85%. Alarmiraju\u0107i je podatak istra\u017eivanja da broj korisnih bakterija u debelom crijevu modernog \u010dovjeka \u010desto ne prelazi 12%.<\/p>\n<p>&#013;<\/p>\n<p>Termin probiotik doslovno zna\u010di&nbsp;<em>za \u017eivot<\/em>&nbsp;(pro biota), a ozna\u010dava \u017eive mikroorganizme koji pozitivno utje\u010du na doma\u0107ina tako &scaron;to pobolj&scaron;avaju ravnote\u017eu crijevne mikroflore te putem djelovanja u probavnom traktu poma\u017eu u odr\u017eavanju zdravlja imunolo&scaron;kog sustava. Probiotici imaju vi&scaron;estruku zada\u0107u &#8211; spre\u010davaju razmno\u017eavanje drugih &scaron;tetnih mikroorganizama, poma\u017eu razgradnju te upijanje mikro i makro hranjivih tvari (posebno mineralnih soli), poti\u010du kretnje crijeva, sudjeluju u metabolizmu lijekova, a mogu sintetizirati i neke vitamine (K, B, folna kiselina), te utje\u010du na oba imuniteta &#8211; specifi\u010dni putem poticanja proizvodnje protutijela, te na onaj nespecifi\u010dni, putem pove\u0107anja djelovanja bijelih krvnih zrnaca. Acidofilne bakterije sintetiziraju antibiotik kolicin, u \u010dijoj se neposrednoj i daljnjoj mikrookolini razvijaju uvjeti koji su izrazito nepovoljni za obitavanje raznih uzro\u010dnika bolesti, poput mikrokoka, klostridija, nekih koli bakterija i gljivica.<\/p>\n<p>&#013;<\/p>\n<p>Probiotici omogu\u0107avaju bolji rast i razvoj djece, korisni su kod upalnih bolesti crijeva, umanjuju znakove alergije i preosjetljivosti na hranu, kemijske tvari i \u010dimbenike iz okoli&scaron;a, poma\u017eu u spre\u010davanju osteoporoze, poma\u017eu u \u010di&scaron;\u0107enju jetre, reguliraju pokretljivost crijeva, poma\u017eu u uklanjanju te&scaron;kih metala i ostalih &scaron;tetnih tvari koje dospijevaju u hranu, spre\u010davaju nastajanje neugodnog zadaha iz usta, koji je \u010dest pratilac dispepsija uslijed poreme\u0107aja crijevne flore, te poma\u017eu kod rje&scaron;avanja akni i drugih ko\u017enih poreme\u0107aja. Njihovo kori&scaron;tenje posebno se preporu\u010duje nakon lije\u010denja antibioticima te u slu\u010dajevima pove\u0107anog stresa, napetosti i alergija.<\/p>\n<p>&nbsp;<\/p>\n<p>Za\u0161to odabrati Calivita proizvode:<\/p>\n<ul>\n<li>Sa izvanrednim profesionalnim iskustvom, CaliVita ve\u0107 vi\u0161e od 30 godina nudi svoje proizvode koji zadovoljavaju najvi\u0161e standarde kvaliteta.<\/li>\n<li>Uvijek te\u017eimo kori\u0161tenju prirodnih osnovnih materijala koji poti\u010du iz najboljih izvora.<\/li>\n<li>Tokom na\u0161eg razvoja radimo koriste\u0107i bolje apsorpcione, na primjer organske oblike.<\/li>\n<li>Nudimo 100% garanciju kvaliteta za na\u0161e proizvode.<\/li>\n<li>Na\u0161i proizvodi podlije\u017eu strogoj i vi\u0161estrukoj proceduri ispitivanja kako bi se kontinuirano osigurao odli\u010dan kvalitet.<\/li>\n<li>Velika ve\u0107ina na\u0161ih dodataka prehrani proizvodi se u farmaceutskim uvjetima u SAD-u.<\/li>\n<li>Proizvodi se proizvode po principima cGMP (trenutne dobre proizvodne prakse), a vr\u0161i se i stalna kontrola i redovno zakazane revizije od strane FDA (Food and Drug Administration). Radimo u bliskoj saradnji s lokalnim vlastima za izdavanje dozvola kako bismo osigurali da na\u0161im potro\u0161a\u010dima uvijek budu dostupni proizvodi najvi\u0161eg kvaliteta.<\/li>\n<\/ul>\n<p>UPOZORENJE!<br \/>\n\u010cuvati van doma\u0161aja male djece. Preporu\u010dena dnevna doza se ne smije prekora\u010diti. Dodaci prehrani se ne smiju koristiti kao zamjena za raznovrsnu prehranu.<\/p>\n","protected":false},"excerpt":{"rendered":"<p>Koli\u010dina na zalihama: 81 <\/p>\n","protected":false},"featured_media":12121,"comment_status":"closed","ping_status":"open","template":"","meta":[],"product_brand":[],"product_cat":[429],"product_tag":[],"class_list":{"0":"post-10811","1":"product","2":"type-product","3":"status-publish","4":"has-post-thumbnail","6":"product_cat-prirodni-suplementi","8":"first","9":"instock","10":"product-type-external"},"_links":{"self":[{"href":"https:\/\/vitashop.info\/ba\/wp-json\/wp\/v2\/product\/10811","targetHints":{"allow":["GET"]}}],"collection":[{"href":"https:\/\/vitashop.info\/ba\/wp-json\/wp\/v2\/product"}],"about":[{"href":"https:\/\/vitashop.info\/ba\/wp-json\/wp\/v2\/types\/product"}],"replies":[{"embeddable":true,"href":"https:\/\/vitashop.info\/ba\/wp-json\/wp\/v2\/comments?post=10811"}],"wp:featuredmedia":[{"embeddable":true,"href":"https:\/\/vitashop.info\/ba\/wp-json\/wp\/v2\/media\/12121"}],"wp:attachment":[{"href":"https:\/\/vitashop.info\/ba\/wp-json\/wp\/v2\/media?parent=10811"}],"wp:term":[{"taxonomy":"product_brand","embeddable":true,"href":"https:\/\/vitashop.info\/ba\/wp-json\/wp\/v2\/product_brand?post=10811"},{"taxonomy":"product_cat","embeddable":true,"href":"https:\/\/vitashop.info\/ba\/wp-json\/wp\/v2\/product_cat?post=10811"},{"taxonomy":"product_tag","embeddable":true,"href":"https:\/\/vitashop.info\/ba\/wp-json\/wp\/v2\/product_tag?post=10811"}],"curies":[{"name":"wp","href":"https:\/\/api.w.org\/{rel}","templated":true}]}}